{"id":2321,"date":"2023-07-01T10:55:11","date_gmt":"2023-07-01T08:55:11","guid":{"rendered":"https:\/\/macan-wine.com\/avis-juridique\/"},"modified":"2023-12-19T15:49:45","modified_gmt":"2023-12-19T14:49:45","slug":"avis-juridique","status":"publish","type":"page","link":"https:\/\/macan-wine.com\/fr\/avis-juridique\/","title":{"rendered":"Avis juridique"},"content":{"rendered":"\n<p>Conform\u00e9ment aux dispositions de la loi 34\/2002 du 11 juillet relative aux services de la soci\u00e9t\u00e9 de l&rsquo;information et au commerce \u00e9lectronique, nous vous informons que le propri\u00e9taire de ce site Web est BODEGAS BENJAMIN DE ROTHSCHILD &amp; VEGA SICILIA S.A. (ci-apr\u00e8s, \u00ab WINERY BENJAMIN DE ROTHSCHILD &amp; VEGA SICILIA \u00bb), avec NIF A84080290 et adresse \u00e0 LUGAR PARAAJE SAN MILLAN (CM. DE LOS CA\u00d1OS), S\/N, 1307, SAMANIEGO, Araba\/\u00c1lava, inscrite au Registre du Commerce de \u00c1lava, Volume n\u00b0 1 557, Folio 163, Feuille n\u00b0 VI-16 968. Inscription 1,<br\/>Vous pouvez contacter BODEGAS BENJAMIN DE ROTHSCHILD &amp; VEGA SICILIA, \u00e0 l&rsquo;adresse postale indiqu\u00e9e ci-dessus ou \u00e0 l&rsquo;adresse email macan@macan-brvs.com.<br\/>Veuillez lire attentivement les informations suivantes avant d&rsquo;utiliser ce site Web, car son utilisation est soumise aux conditions d&rsquo;utilisation suivantes:<\/p>\n\n<h2 class=\"wp-block-heading\">Propri\u00e9t\u00e9 intellectuelle<\/h2>\n\n<p>Le contenu de ce site Internet, textes, images, animations, etc. ainsi que sa conception graphique et son code source sont prot\u00e9g\u00e9s par la l\u00e9gislation espagnole sur les droits de propri\u00e9t\u00e9 intellectuelle et industrielle en faveur de BODEGAS BENJAMIN DE ROTHSCHILD &amp; VEGA SICILIA elle-m\u00eame ou en tant que cessionnaire. Sa reproduction, distribution ou communication publique, totale ou partielle, est donc totalement interdite sans l&rsquo;autorisation expresse de BODEGAS BENJAMIN DE ROTHSCHILD &amp; VEGA SICILIA.<br\/>Ce domaine est un domaine enregistr\u00e9 par BODEGAS BENJAMIN DE ROTHSCHILD &amp; VEGA SICILIA. Les domaines appartenant \u00e0 BODEGAS BENJAMIN DE ROTHSCHILD &amp; VEGA SICILIA ne peuvent \u00eatre utilis\u00e9s en relation avec d&rsquo;autres produits ou services n&rsquo;appartenant pas \u00e0 BODEGAS BENJAMIN DE ROTHSCHILD &amp; VEGA SICILIA et qui ne peuvent en aucun cas cr\u00e9er de confusion parmi les utilisateurs ou discr\u00e9diter BODEGAS BENJAMIN DE ROTHSCHILD &amp; VEGA SICILE.<br\/>L&rsquo;utilisateur du site Internet doit s&rsquo;abstenir en aucun cas de supprimer, alt\u00e9rer, \u00e9luder ou manipuler tout dispositif de protection ou syst\u00e8me de s\u00e9curit\u00e9 qui pourrait y \u00eatre install\u00e9.<\/p>\n\n<h2 class=\"wp-block-heading\">Contenu et liens du site Web<\/h2>\n\n<p>BODEGAS BENJAMIN DE ROTHSCHILD &amp; VEGA SICILIA n&rsquo;est pas responsable de toute utilisation abusive du contenu du site Web, qui rel\u00e8ve de la seule responsabilit\u00e9 de la personne qui y acc\u00e8de ou l&rsquo;utilise. Il n&rsquo;assume aucune responsabilit\u00e9 non plus pour les informations contenues dans les pages Web de tiers accessibles via des liens ou des moteurs de recherche de ce site Web.<\/p>\n\n<h2 class=\"wp-block-heading\">Mise \u00e0 jour et modification du site Internet<\/h2>\n\n<p>BODEGAS BENJAMIN DE ROTHSCHILD &amp; VEGA SICILIA se r\u00e9serve le droit de modifier ou de supprimer, sans pr\u00e9avis, tant les informations contenues sur son site Internet que sa configuration et sa pr\u00e9sentation, sans en assumer aucune responsabilit\u00e9.<\/p>\n\n<h2 class=\"wp-block-heading\">Informations sur les aspects techniques<\/h2>\n\n<p>BODEGAS BENJAMIN DE ROTHSCHILD &amp; VEGA SICILIA n&rsquo;assume aucune responsabilit\u00e9 pouvant d\u00e9couler de probl\u00e8mes techniques ou de pannes de l&rsquo;\u00e9quipement informatique survenant lors de la connexion au r\u00e9seau Internet, ainsi que des dommages qui pourraient \u00eatre caus\u00e9s par des tiers \u00e0 travers une interf\u00e9rence ill\u00e9gitime. contr\u00f4le de BODEGAS BENJAMIN DE ROTHSCHILD &amp; VEGA SICILIA. De m\u00eame, BODEGAS BENJAMIN DE ROTHSCHILD &amp; VEGA SICILIA est exon\u00e9r\u00e9e de toute responsabilit\u00e9 pour les \u00e9ventuels dommages ou pertes que l&rsquo;utilisateur pourrait subir \u00e0 la suite d&rsquo;erreurs, de d\u00e9fauts ou d&rsquo;omissions dans les informations fournies, lorsqu&rsquo;elles proviennent de sources autres que nous.<\/p>\n\n<h2 class=\"wp-block-heading\">Donn\u00e9es personnelles<\/h2>\n\n<p>Le traitement des donn\u00e9es personnelles par BODEGAS BENJAMIN DE ROTHSCHILD &amp; VEGA SICILIA est r\u00e9gi par les dispositions de la Politique de Confidentialit\u00e9 et de la Politique de Cookies de ce site Internet.<\/p>\n\n<h2 class=\"wp-block-heading\">Loi applicable et juridiction<\/h2>\n\n<p>Pour la r\u00e9solution de tout conflit ou divergence dans l&rsquo;interpr\u00e9tation ou l&rsquo;application du pr\u00e9sent avis juridique, les cours et tribunaux d&rsquo;\u00c1lava seront comp\u00e9tents.<\/p>\n","protected":false},"excerpt":{"rendered":"<p>Conform\u00e9ment aux dispositions de la loi 34\/2002 du 11 juillet relative aux services de la soci\u00e9t\u00e9 de l&rsquo;information et au commerce \u00e9lectronique, nous vous informons que le propri\u00e9taire de ce site Web est BODEGAS BENJAMIN DE ROTHSCHILD &amp; VEGA SICILIA S.A. (ci-apr\u00e8s, \u00ab WINERY BENJAMIN DE ROTHSCHILD &amp; VEGA SICILIA \u00bb), avec NIF A84080290 et [&hellip;]<\/p>\n","protected":false},"author":1,"featured_media":0,"parent":0,"menu_order":0,"comment_status":"closed","ping_status":"closed","template":"page-textos-legales.php","meta":{"footnotes":""},"acf":[],"yoast_head":"<!-- This site is optimized with the Yoast SEO plugin v21.8 - https:\/\/yoast.com\/wordpress\/plugins\/seo\/ -->\n<title>Avis juridique - Mac\u00e1n<\/title>\n<meta name=\"robots\" content=\"index, follow, max-snippet:-1, max-image-preview:large, max-video-preview:-1\" \/>\n<link rel=\"canonical\" href=\"https:\/\/macan-wine.com\/fr\/avis-juridique\/\" \/>\n<meta property=\"og:locale\" content=\"fr_FR\" \/>\n<meta property=\"og:type\" content=\"article\" \/>\n<meta property=\"og:title\" content=\"Avis juridique - Mac\u00e1n\" \/>\n<meta property=\"og:description\" content=\"Conform\u00e9ment aux dispositions de la loi 34\/2002 du 11 juillet relative aux services de la soci\u00e9t\u00e9 de l&rsquo;information et au commerce \u00e9lectronique, nous vous informons que le propri\u00e9taire de ce site Web est BODEGAS BENJAMIN DE ROTHSCHILD &amp; VEGA SICILIA S.A. (ci-apr\u00e8s, \u00ab WINERY BENJAMIN DE ROTHSCHILD &amp; VEGA SICILIA \u00bb), avec NIF A84080290 et [&hellip;]\" \/>\n<meta property=\"og:url\" content=\"https:\/\/macan-wine.com\/fr\/avis-juridique\/\" \/>\n<meta property=\"og:site_name\" content=\"Mac\u00e1n\" \/>\n<meta property=\"article:publisher\" content=\"https:\/\/www.facebook.com\/macanwine\/\" \/>\n<meta property=\"article:modified_time\" content=\"2023-12-19T14:49:45+00:00\" \/>\n<meta name=\"twitter:card\" content=\"summary_large_image\" \/>\n<meta name=\"twitter:label1\" content=\"Dur\u00e9e de lecture estim\u00e9e\" \/>\n\t<meta name=\"twitter:data1\" content=\"3 minutes\" \/>\n<script type=\"application\/ld+json\" class=\"yoast-schema-graph\">{\"@context\":\"https:\/\/schema.org\",\"@graph\":[{\"@type\":\"WebPage\",\"@id\":\"https:\/\/macan-wine.com\/fr\/avis-juridique\/\",\"url\":\"https:\/\/macan-wine.com\/fr\/avis-juridique\/\",\"name\":\"Avis juridique - Mac\u00e1n\",\"isPartOf\":{\"@id\":\"https:\/\/macan-wine.com\/#website\"},\"datePublished\":\"2023-07-01T08:55:11+00:00\",\"dateModified\":\"2023-12-19T14:49:45+00:00\",\"breadcrumb\":{\"@id\":\"https:\/\/macan-wine.com\/fr\/avis-juridique\/#breadcrumb\"},\"inLanguage\":\"fr-FR\",\"potentialAction\":[{\"@type\":\"ReadAction\",\"target\":[\"https:\/\/macan-wine.com\/fr\/avis-juridique\/\"]}]},{\"@type\":\"BreadcrumbList\",\"@id\":\"https:\/\/macan-wine.com\/fr\/avis-juridique\/#breadcrumb\",\"itemListElement\":[{\"@type\":\"ListItem\",\"position\":1,\"name\":\"Portada\",\"item\":\"https:\/\/macan-wine.com\/fr\/inicio\/\"},{\"@type\":\"ListItem\",\"position\":2,\"name\":\"Avis juridique\"}]},{\"@type\":\"WebSite\",\"@id\":\"https:\/\/macan-wine.com\/#website\",\"url\":\"https:\/\/macan-wine.com\/\",\"name\":\"Mac\u00e1n\",\"description\":\"Toujours plus loin\",\"publisher\":{\"@id\":\"https:\/\/macan-wine.com\/#organization\"},\"potentialAction\":[{\"@type\":\"SearchAction\",\"target\":{\"@type\":\"EntryPoint\",\"urlTemplate\":\"https:\/\/macan-wine.com\/?s={search_term_string}\"},\"query-input\":\"required name=search_term_string\"}],\"inLanguage\":\"fr-FR\"},{\"@type\":\"Organization\",\"@id\":\"https:\/\/macan-wine.com\/#organization\",\"name\":\"Mac\u00e1n\",\"url\":\"https:\/\/macan-wine.com\/\",\"logo\":{\"@type\":\"ImageObject\",\"inLanguage\":\"fr-FR\",\"@id\":\"https:\/\/macan-wine.com\/#\/schema\/logo\/image\/\",\"url\":\"https:\/\/macan-wine.com\/wp-content\/uploads\/2023\/08\/logo-macan-2023-1.svg\",\"contentUrl\":\"https:\/\/macan-wine.com\/wp-content\/uploads\/2023\/08\/logo-macan-2023-1.svg\",\"width\":224,\"height\":79,\"caption\":\"Mac\u00e1n\"},\"image\":{\"@id\":\"https:\/\/macan-wine.com\/#\/schema\/logo\/image\/\"},\"sameAs\":[\"https:\/\/www.facebook.com\/macanwine\/\",\"https:\/\/www.instagram.com\/macanwine\/?hl=es\",\"https:\/\/www.linkedin.com\/company\/bodegas-benjamin-de-rothschild-vega-siclia?originalSubdomain=es\"]}]}<\/script>\n<!-- \/ Yoast SEO plugin. -->","yoast_head_json":{"title":"Avis juridique - Mac\u00e1n","robots":{"index":"index","follow":"follow","max-snippet":"max-snippet:-1","max-image-preview":"max-image-preview:large","max-video-preview":"max-video-preview:-1"},"canonical":"https:\/\/macan-wine.com\/fr\/avis-juridique\/","og_locale":"fr_FR","og_type":"article","og_title":"Avis juridique - Mac\u00e1n","og_description":"Conform\u00e9ment aux dispositions de la loi 34\/2002 du 11 juillet relative aux services de la soci\u00e9t\u00e9 de l&rsquo;information et au commerce \u00e9lectronique, nous vous informons que le propri\u00e9taire de ce site Web est BODEGAS BENJAMIN DE ROTHSCHILD &amp; VEGA SICILIA S.A. (ci-apr\u00e8s, \u00ab WINERY BENJAMIN DE ROTHSCHILD &amp; VEGA SICILIA \u00bb), avec NIF A84080290 et [&hellip;]","og_url":"https:\/\/macan-wine.com\/fr\/avis-juridique\/","og_site_name":"Mac\u00e1n","article_publisher":"https:\/\/www.facebook.com\/macanwine\/","article_modified_time":"2023-12-19T14:49:45+00:00","twitter_card":"summary_large_image","twitter_misc":{"Dur\u00e9e de lecture estim\u00e9e":"3 minutes"},"schema":{"@context":"https:\/\/schema.org","@graph":[{"@type":"WebPage","@id":"https:\/\/macan-wine.com\/fr\/avis-juridique\/","url":"https:\/\/macan-wine.com\/fr\/avis-juridique\/","name":"Avis juridique - Mac\u00e1n","isPartOf":{"@id":"https:\/\/macan-wine.com\/#website"},"datePublished":"2023-07-01T08:55:11+00:00","dateModified":"2023-12-19T14:49:45+00:00","breadcrumb":{"@id":"https:\/\/macan-wine.com\/fr\/avis-juridique\/#breadcrumb"},"inLanguage":"fr-FR","potentialAction":[{"@type":"ReadAction","target":["https:\/\/macan-wine.com\/fr\/avis-juridique\/"]}]},{"@type":"BreadcrumbList","@id":"https:\/\/macan-wine.com\/fr\/avis-juridique\/#breadcrumb","itemListElement":[{"@type":"ListItem","position":1,"name":"Portada","item":"https:\/\/macan-wine.com\/fr\/inicio\/"},{"@type":"ListItem","position":2,"name":"Avis juridique"}]},{"@type":"WebSite","@id":"https:\/\/macan-wine.com\/#website","url":"https:\/\/macan-wine.com\/","name":"Mac\u00e1n","description":"Toujours plus loin","publisher":{"@id":"https:\/\/macan-wine.com\/#organization"},"potentialAction":[{"@type":"SearchAction","target":{"@type":"EntryPoint","urlTemplate":"https:\/\/macan-wine.com\/?s={search_term_string}"},"query-input":"required name=search_term_string"}],"inLanguage":"fr-FR"},{"@type":"Organization","@id":"https:\/\/macan-wine.com\/#organization","name":"Mac\u00e1n","url":"https:\/\/macan-wine.com\/","logo":{"@type":"ImageObject","inLanguage":"fr-FR","@id":"https:\/\/macan-wine.com\/#\/schema\/logo\/image\/","url":"https:\/\/macan-wine.com\/wp-content\/uploads\/2023\/08\/logo-macan-2023-1.svg","contentUrl":"https:\/\/macan-wine.com\/wp-content\/uploads\/2023\/08\/logo-macan-2023-1.svg","width":224,"height":79,"caption":"Mac\u00e1n"},"image":{"@id":"https:\/\/macan-wine.com\/#\/schema\/logo\/image\/"},"sameAs":["https:\/\/www.facebook.com\/macanwine\/","https:\/\/www.instagram.com\/macanwine\/?hl=es","https:\/\/www.linkedin.com\/company\/bodegas-benjamin-de-rothschild-vega-siclia?originalSubdomain=es"]}]}},"_links":{"self":[{"href":"https:\/\/macan-wine.com\/fr\/wp-json\/wp\/v2\/pages\/2321"}],"collection":[{"href":"https:\/\/macan-wine.com\/fr\/wp-json\/wp\/v2\/pages"}],"about":[{"href":"https:\/\/macan-wine.com\/fr\/wp-json\/wp\/v2\/types\/page"}],"author":[{"embeddable":true,"href":"https:\/\/macan-wine.com\/fr\/wp-json\/wp\/v2\/users\/1"}],"replies":[{"embeddable":true,"href":"https:\/\/macan-wine.com\/fr\/wp-json\/wp\/v2\/comments?post=2321"}],"version-history":[{"count":2,"href":"https:\/\/macan-wine.com\/fr\/wp-json\/wp\/v2\/pages\/2321\/revisions"}],"predecessor-version":[{"id":2479,"href":"https:\/\/macan-wine.com\/fr\/wp-json\/wp\/v2\/pages\/2321\/revisions\/2479"}],"wp:attachment":[{"href":"https:\/\/macan-wine.com\/fr\/wp-json\/wp\/v2\/media?parent=2321"}],"curies":[{"name":"wp","href":"https:\/\/api.w.org\/{rel}","templated":true}]}}