{"id":2483,"date":"2023-07-01T10:54:59","date_gmt":"2023-07-01T08:54:59","guid":{"rendered":"https:\/\/macan-wine.com\/politique-de-cookies\/"},"modified":"2023-12-20T23:28:27","modified_gmt":"2023-12-20T22:28:27","slug":"politique-de-cookies","status":"publish","type":"page","link":"https:\/\/macan-wine.com\/fr\/politique-de-cookies\/","title":{"rendered":"Politique de cookies"},"content":{"rendered":"\n<p>Date effective: 16-Nov-2023<br\/>Derni\u00e8re mise \u00e0 jour: 16-Nov-2023<\/p>\n<p>Que sont les cookies ?<\/p>\n<div class=\"cookie-policy-p\">\n<p>Cette politique en mati\u00e8re de cookies explique ce qu&rsquo;ils sont et comment nous les utilisons, les types de cookies que nous utilisons, c&rsquo;est-\u00e0-dire, les informations que nous recueillons \u00e0 l&rsquo;aide de cookies, comment ces informations sont utilis\u00e9es, et comment g\u00e9rer les param\u00e8tres des cookies.<\/p>\n\n<p>Les cookies sont de petits fichiers texte utilis\u00e9s pour stocker de petits fragments d&rsquo;informations. Ils sont enregistr\u00e9s sur votre appareil lorsque le site web est charg\u00e9 dans votre navigateur. Ces cookies nous aident \u00e0 faire fonctionner le site web correctement, \u00e0 le rendre plus s\u00e9curis\u00e9, \u00e0 offrir une meilleure exp\u00e9rience utilisateur, et \u00e0 comprendre comment le site web se comporte, ainsi que pour analyser ce qui fonctionne et l\u00e0 o\u00f9 des am\u00e9liorations sont n\u00e9cessaires.<\/p>\n\n<\/div>\n<h5>Comment utilisons-nous les cookies ?<\/h5>\n<div class=\"cookie-policy-p\">\n<p>Comme la plupart des services en ligne, notre site web utilise des cookies de premi\u00e8re et de tierce partie \u00e0 plusieurs fins. Les cookies de premi\u00e8re partie sont principalement n\u00e9cessaires pour que le site web fonctionne correctement, et ils ne recueillent aucune de vos donn\u00e9es personnelles identifiables.<\/p>\n<p>Les cookies de tierce partie utilis\u00e9s sur notre site web servent principalement \u00e0 comprendre comment le site web se comporte, comment vous interagissez avec notre site web, \u00e0 maintenir la s\u00e9curit\u00e9 de nos services, \u00e0 diffuser des publicit\u00e9s pertinentes pour vous, et en g\u00e9n\u00e9ral \u00e0 vous offrir une exp\u00e9rience utilisateur meilleure et am\u00e9lior\u00e9e, tout en acc\u00e9l\u00e9rant vos futures interactions avec notre site web.<\/p>\n<\/div>\n<h5>Types de cookies que nous utilisons<\/h5>\n<div class=\"cky-audit-table-element\"><\/div>\n<h5 style=\"margin-bottom: 20px;\">G\u00e9rer les pr\u00e9f\u00e9rences en mati\u00e8re de cookies<\/h5>\n<p><a class=\"cky-banner-element\">Param\u00e8tres des cookies<\/a><\/p>\n<div>\n<p>Vous pouvez modifier vos pr\u00e9f\u00e9rences en mati\u00e8re de cookies \u00e0 tout moment en cliquant sur le bouton ci-dessus. Cela vous permettra de revoir la banni\u00e8re de consentement aux cookies et de modifier vos pr\u00e9f\u00e9rences ou de retirer votre consentement imm\u00e9diatement.<\/p>\n<p>En plus de cela, diff\u00e9rents navigateurs proposent diff\u00e9rentes m\u00e9thodes pour bloquer et supprimer les cookies utilis\u00e9s par les sites Web. Vous pouvez modifier les param\u00e8tres de votre navigateur pour bloquer\/supprimer les cookies. Vous trouverez ci-dessous des liens vers des documents d&rsquo;assistance sur la fa\u00e7on de g\u00e9rer et de supprimer les cookies des principaux navigateurs Web.<\/p>\n<p>Chrome: <a href=\"https:\/\/support.google.com\/accounts\/answer\/32050\" target=\"_blank\" rel=\"noopener\">https:\/\/support.google.com\/accounts\/answer\/32050<\/a><\/p>\n<p>Safari: <a href=\"https:\/\/support.apple.com\/en-in\/guide\/safari\/sfri11471\/mac\" target=\"_blank\" rel=\"noopener\">https:\/\/support.apple.com\/en-in\/guide\/safari\/sfri11471\/mac<\/a><\/p>\n<p>Firefox: <a href=\"https:\/\/support.mozilla.org\/en-US\/kb\/clear-cookies-and-site-data-firefox?redirectslug=delete-cookies-remove-info-websites-stored&amp;redirectlocale=en-US\" target=\"_blank\" rel=\"noopener\">https:\/\/support.mozilla.org\/en-US\/kb\/clear-cookies-and-site-data-firefox?redirectslug=delete-cookies-remove-info-websites-stored&amp;redirectlocale=en-US<\/a><\/p>\n<p>Internet Explorer: <a href=\"https:\/\/support.microsoft.com\/en-us\/topic\/how-to-delete-cookie-files-in-internet-explorer-bca9446f-d873-78de-77ba-d42645fa52fc\" target=\"_blank\" rel=\"noopener\">https:\/\/support.microsoft.com\/en-us\/topic\/how-to-delete-cookie-files-in-internet-explorer-bca9446f-d873-78de-77ba-d42645fa52fc<\/a><\/p>\n<p>Si vous utilisez un autre navigateur Web, veuillez consulter les documents d&rsquo;assistance officiels de votre navigateur.<\/p>\n<\/div>\n<p class=\"cookie-policy-p\">Politique en mati\u00e8re de cookies g\u00e9n\u00e9r\u00e9e par <a href=\"https:\/\/www.cookieyes.com\/?utm_source=CP&amp;utm_medium=footer&amp;utm_campaign=UW\" target=\"_blank\" rel=\"noopener\">CookieYes &#8211; Cookie Policy Generator<\/a>.<\/p>\n","protected":false},"excerpt":{"rendered":"<p>Date effective: 16-Nov-2023Derni\u00e8re mise \u00e0 jour: 16-Nov-2023 Que sont les cookies ? Cette politique en mati\u00e8re de cookies explique ce qu&rsquo;ils sont et comment nous les utilisons, les types de cookies que nous utilisons, c&rsquo;est-\u00e0-dire, les informations que nous recueillons \u00e0 l&rsquo;aide de cookies, comment ces informations sont utilis\u00e9es, et comment g\u00e9rer les param\u00e8tres des [&hellip;]<\/p>\n","protected":false},"author":1,"featured_media":0,"parent":0,"menu_order":0,"comment_status":"closed","ping_status":"closed","template":"page-textos-legales.php","meta":{"footnotes":""},"acf":[],"yoast_head":"<!-- This site is optimized with the Yoast SEO plugin v21.8 - https:\/\/yoast.com\/wordpress\/plugins\/seo\/ -->\n<title>Politique de cookies - Mac\u00e1n<\/title>\n<meta name=\"robots\" content=\"index, follow, max-snippet:-1, max-image-preview:large, max-video-preview:-1\" \/>\n<link rel=\"canonical\" href=\"https:\/\/macan-wine.com\/fr\/politique-de-cookies\/\" \/>\n<meta property=\"og:locale\" content=\"fr_FR\" \/>\n<meta property=\"og:type\" content=\"article\" \/>\n<meta property=\"og:title\" content=\"Politique de cookies - Mac\u00e1n\" \/>\n<meta property=\"og:description\" content=\"Date effective: 16-Nov-2023Derni\u00e8re mise \u00e0 jour: 16-Nov-2023 Que sont les cookies ? Cette politique en mati\u00e8re de cookies explique ce qu&rsquo;ils sont et comment nous les utilisons, les types de cookies que nous utilisons, c&rsquo;est-\u00e0-dire, les informations que nous recueillons \u00e0 l&rsquo;aide de cookies, comment ces informations sont utilis\u00e9es, et comment g\u00e9rer les param\u00e8tres des [&hellip;]\" \/>\n<meta property=\"og:url\" content=\"https:\/\/macan-wine.com\/fr\/politique-de-cookies\/\" \/>\n<meta property=\"og:site_name\" content=\"Mac\u00e1n\" \/>\n<meta property=\"article:publisher\" content=\"https:\/\/www.facebook.com\/macanwine\/\" \/>\n<meta property=\"article:modified_time\" content=\"2023-12-20T22:28:27+00:00\" \/>\n<meta name=\"twitter:card\" content=\"summary_large_image\" \/>\n<meta name=\"twitter:label1\" content=\"Dur\u00e9e de lecture estim\u00e9e\" \/>\n\t<meta name=\"twitter:data1\" content=\"2 minutes\" \/>\n<script type=\"application\/ld+json\" class=\"yoast-schema-graph\">{\"@context\":\"https:\/\/schema.org\",\"@graph\":[{\"@type\":\"WebPage\",\"@id\":\"https:\/\/macan-wine.com\/fr\/politique-de-cookies\/\",\"url\":\"https:\/\/macan-wine.com\/fr\/politique-de-cookies\/\",\"name\":\"Politique de cookies - Mac\u00e1n\",\"isPartOf\":{\"@id\":\"https:\/\/macan-wine.com\/#website\"},\"datePublished\":\"2023-07-01T08:54:59+00:00\",\"dateModified\":\"2023-12-20T22:28:27+00:00\",\"breadcrumb\":{\"@id\":\"https:\/\/macan-wine.com\/fr\/politique-de-cookies\/#breadcrumb\"},\"inLanguage\":\"fr-FR\",\"potentialAction\":[{\"@type\":\"ReadAction\",\"target\":[\"https:\/\/macan-wine.com\/fr\/politique-de-cookies\/\"]}]},{\"@type\":\"BreadcrumbList\",\"@id\":\"https:\/\/macan-wine.com\/fr\/politique-de-cookies\/#breadcrumb\",\"itemListElement\":[{\"@type\":\"ListItem\",\"position\":1,\"name\":\"Portada\",\"item\":\"https:\/\/macan-wine.com\/fr\/inicio\/\"},{\"@type\":\"ListItem\",\"position\":2,\"name\":\"Politique de cookies\"}]},{\"@type\":\"WebSite\",\"@id\":\"https:\/\/macan-wine.com\/#website\",\"url\":\"https:\/\/macan-wine.com\/\",\"name\":\"Mac\u00e1n\",\"description\":\"Toujours plus loin\",\"publisher\":{\"@id\":\"https:\/\/macan-wine.com\/#organization\"},\"potentialAction\":[{\"@type\":\"SearchAction\",\"target\":{\"@type\":\"EntryPoint\",\"urlTemplate\":\"https:\/\/macan-wine.com\/?s={search_term_string}\"},\"query-input\":\"required name=search_term_string\"}],\"inLanguage\":\"fr-FR\"},{\"@type\":\"Organization\",\"@id\":\"https:\/\/macan-wine.com\/#organization\",\"name\":\"Mac\u00e1n\",\"url\":\"https:\/\/macan-wine.com\/\",\"logo\":{\"@type\":\"ImageObject\",\"inLanguage\":\"fr-FR\",\"@id\":\"https:\/\/macan-wine.com\/#\/schema\/logo\/image\/\",\"url\":\"https:\/\/macan-wine.com\/wp-content\/uploads\/2023\/08\/logo-macan-2023-1.svg\",\"contentUrl\":\"https:\/\/macan-wine.com\/wp-content\/uploads\/2023\/08\/logo-macan-2023-1.svg\",\"width\":224,\"height\":79,\"caption\":\"Mac\u00e1n\"},\"image\":{\"@id\":\"https:\/\/macan-wine.com\/#\/schema\/logo\/image\/\"},\"sameAs\":[\"https:\/\/www.facebook.com\/macanwine\/\",\"https:\/\/www.instagram.com\/macanwine\/?hl=es\",\"https:\/\/www.linkedin.com\/company\/bodegas-benjamin-de-rothschild-vega-siclia?originalSubdomain=es\"]}]}<\/script>\n<!-- \/ Yoast SEO plugin. -->","yoast_head_json":{"title":"Politique de cookies - Mac\u00e1n","robots":{"index":"index","follow":"follow","max-snippet":"max-snippet:-1","max-image-preview":"max-image-preview:large","max-video-preview":"max-video-preview:-1"},"canonical":"https:\/\/macan-wine.com\/fr\/politique-de-cookies\/","og_locale":"fr_FR","og_type":"article","og_title":"Politique de cookies - Mac\u00e1n","og_description":"Date effective: 16-Nov-2023Derni\u00e8re mise \u00e0 jour: 16-Nov-2023 Que sont les cookies ? Cette politique en mati\u00e8re de cookies explique ce qu&rsquo;ils sont et comment nous les utilisons, les types de cookies que nous utilisons, c&rsquo;est-\u00e0-dire, les informations que nous recueillons \u00e0 l&rsquo;aide de cookies, comment ces informations sont utilis\u00e9es, et comment g\u00e9rer les param\u00e8tres des [&hellip;]","og_url":"https:\/\/macan-wine.com\/fr\/politique-de-cookies\/","og_site_name":"Mac\u00e1n","article_publisher":"https:\/\/www.facebook.com\/macanwine\/","article_modified_time":"2023-12-20T22:28:27+00:00","twitter_card":"summary_large_image","twitter_misc":{"Dur\u00e9e de lecture estim\u00e9e":"2 minutes"},"schema":{"@context":"https:\/\/schema.org","@graph":[{"@type":"WebPage","@id":"https:\/\/macan-wine.com\/fr\/politique-de-cookies\/","url":"https:\/\/macan-wine.com\/fr\/politique-de-cookies\/","name":"Politique de cookies - Mac\u00e1n","isPartOf":{"@id":"https:\/\/macan-wine.com\/#website"},"datePublished":"2023-07-01T08:54:59+00:00","dateModified":"2023-12-20T22:28:27+00:00","breadcrumb":{"@id":"https:\/\/macan-wine.com\/fr\/politique-de-cookies\/#breadcrumb"},"inLanguage":"fr-FR","potentialAction":[{"@type":"ReadAction","target":["https:\/\/macan-wine.com\/fr\/politique-de-cookies\/"]}]},{"@type":"BreadcrumbList","@id":"https:\/\/macan-wine.com\/fr\/politique-de-cookies\/#breadcrumb","itemListElement":[{"@type":"ListItem","position":1,"name":"Portada","item":"https:\/\/macan-wine.com\/fr\/inicio\/"},{"@type":"ListItem","position":2,"name":"Politique de cookies"}]},{"@type":"WebSite","@id":"https:\/\/macan-wine.com\/#website","url":"https:\/\/macan-wine.com\/","name":"Mac\u00e1n","description":"Toujours plus loin","publisher":{"@id":"https:\/\/macan-wine.com\/#organization"},"potentialAction":[{"@type":"SearchAction","target":{"@type":"EntryPoint","urlTemplate":"https:\/\/macan-wine.com\/?s={search_term_string}"},"query-input":"required name=search_term_string"}],"inLanguage":"fr-FR"},{"@type":"Organization","@id":"https:\/\/macan-wine.com\/#organization","name":"Mac\u00e1n","url":"https:\/\/macan-wine.com\/","logo":{"@type":"ImageObject","inLanguage":"fr-FR","@id":"https:\/\/macan-wine.com\/#\/schema\/logo\/image\/","url":"https:\/\/macan-wine.com\/wp-content\/uploads\/2023\/08\/logo-macan-2023-1.svg","contentUrl":"https:\/\/macan-wine.com\/wp-content\/uploads\/2023\/08\/logo-macan-2023-1.svg","width":224,"height":79,"caption":"Mac\u00e1n"},"image":{"@id":"https:\/\/macan-wine.com\/#\/schema\/logo\/image\/"},"sameAs":["https:\/\/www.facebook.com\/macanwine\/","https:\/\/www.instagram.com\/macanwine\/?hl=es","https:\/\/www.linkedin.com\/company\/bodegas-benjamin-de-rothschild-vega-siclia?originalSubdomain=es"]}]}},"_links":{"self":[{"href":"https:\/\/macan-wine.com\/fr\/wp-json\/wp\/v2\/pages\/2483"}],"collection":[{"href":"https:\/\/macan-wine.com\/fr\/wp-json\/wp\/v2\/pages"}],"about":[{"href":"https:\/\/macan-wine.com\/fr\/wp-json\/wp\/v2\/types\/page"}],"author":[{"embeddable":true,"href":"https:\/\/macan-wine.com\/fr\/wp-json\/wp\/v2\/users\/1"}],"replies":[{"embeddable":true,"href":"https:\/\/macan-wine.com\/fr\/wp-json\/wp\/v2\/comments?post=2483"}],"version-history":[{"count":5,"href":"https:\/\/macan-wine.com\/fr\/wp-json\/wp\/v2\/pages\/2483\/revisions"}],"predecessor-version":[{"id":2619,"href":"https:\/\/macan-wine.com\/fr\/wp-json\/wp\/v2\/pages\/2483\/revisions\/2619"}],"wp:attachment":[{"href":"https:\/\/macan-wine.com\/fr\/wp-json\/wp\/v2\/media?parent=2483"}],"curies":[{"name":"wp","href":"https:\/\/api.w.org\/{rel}","templated":true}]}}