{"id":2506,"date":"2023-06-30T23:33:07","date_gmt":"2023-06-30T21:33:07","guid":{"rendered":"https:\/\/macan-wine.com\/politique-de-confidentialite\/"},"modified":"2023-12-19T16:45:16","modified_gmt":"2023-12-19T15:45:16","slug":"politique-de-confidentialite","status":"publish","type":"page","link":"https:\/\/macan-wine.com\/fr\/politique-de-confidentialite\/","title":{"rendered":"Politique de confidentialit\u00e9"},"content":{"rendered":"\n<p>La pr\u00e9sente politique de confidentialit\u00e9 a pour objectif de vous fournir des informations sur le traitement de vos donn\u00e9es personnelles et de d\u00e9crire les droits qui s&rsquo;appliquent \u00e0 vous, conform\u00e9ment au r\u00e8glement (UE) 2016\/679 du Parlement europ\u00e9en et du Conseil du 27 avril. , 2016, concernant la protection des personnes physiques \u00e0 l&rsquo;\u00e9gard du traitement des donn\u00e9es personnelles et de la libre circulation de ces donn\u00e9es et la loi organique 3\/2018 du 5 d\u00e9cembre sur la protection des donn\u00e9es personnelles et la garantie des droits num\u00e9riques.<\/p>\n\n<h2 class=\"wp-block-heading\">1. Qui est responsable du traitement de vos donn\u00e9es ?<\/h2>\n\n<p>Nous vous informons que le responsable du traitement de vos donn\u00e9es personnelles est BODEGAS BENJAMIN DE ROTHSCHILD &amp; VEGA SICILIA S.A. (ci-apr\u00e8s, \u00ab WINERY BENJAMIN DE ROTHSCHILD &amp; VEGA SICILIA \u00bb) avec NIF A84080290 et adresse \u00e0 LUGAR PARAAJE SAN MILLAN (CM. DE LOS CA\u00d1OS), S\/N, 1307, SAMANIEGO, Araba\/\u00c1lava.<br\/>Vous pouvez contacter BODEGAS BENJAMIN DE ROTHSCHILD &amp; VEGA SICILIA \u00e0 travers les canaux suivants :<br\/><\/p>\n\n<ul>\n<li>\u00c0 l&rsquo;adresse postale : LUGAR PARAAJE SAN MILLAN (CM. DE LOS CA\u00d1OS), S\/N, 1307, SAMANIEGO, Araba\/\u00c1lava.<\/li>\n\n\n\n<li>Dans l&rsquo;e-mail : <a href=\"mailto:lopd@macan-brvs.com\">lopd@macan-brvs.com<\/a>.<\/li>\n<\/ul>\n\n<h2 class=\"wp-block-heading\">2. Dans quel but traitons-nous vos donn\u00e9es personnelles et avec quelle l\u00e9gitimit\u00e9 ?<\/h2>\n\n<p>BODEGAS BENJAMIN DE ROTHSCHILD &amp; VEGA SICILIA dispose d&rsquo;un Registre des Activit\u00e9s de Traitement o\u00f9 sont d\u00e9taill\u00e9s chacun des traitements effectu\u00e9s en tant que responsable du traitement. Cette politique de confidentialit\u00e9 fournit des informations sur les finalit\u00e9s pour lesquelles BODEGAS BENJAMIN DE ROTHSCHILD &amp; VEGA SICILIA peut traiter vos donn\u00e9es personnelles, en tenant compte de chaque cas sp\u00e9cifique :<\/p>\n\n<ul>\n<li>R\u00e9pondre aux <strong>demandes d&rsquo;informations<\/strong> formul\u00e9es via l&rsquo;adresse e-mail et le num\u00e9ro de t\u00e9l\u00e9phone activ\u00e9s \u00e0 cet effet et la gestion administrative de ces contacts. La base qui l\u00e9gitime le traitement de vos donn\u00e9es personnelles est votre consentement et l&rsquo;int\u00e9r\u00eat l\u00e9gitime de BODEGAS BENJAMIN DE ROTHSCHILD &amp; VEGA SICILIA \u00e0 am\u00e9liorer l&rsquo;exp\u00e9rience utilisateur et \u00e0 offrir un service de meilleure qualit\u00e9.<\/li>\n\n\n\n<li><strong>Formaliser et ex\u00e9cuter le contrat avec les clients et fournisseurs<\/strong>, y compris leur gestion administrative et comptable. Le traitement des donn\u00e9es personnelles est couvert par l&rsquo;ex\u00e9cution du contrat lui-m\u00eame, par le respect des obligations l\u00e9gales applicables et par l&rsquo;int\u00e9r\u00eat l\u00e9gitime concernant les donn\u00e9es de contact des personnes physiques qui travaillent dans des entit\u00e9s juridiques avec lesquelles BODEGAS BENJAMIN DE ROTHSCHILD &amp; VEGA SICILIA entretient des relations commerciales. .<\/li>\n\n\n\n<li><strong>Envoi d&rsquo;informations commerciales<\/strong>: Si vous nous avez donn\u00e9 votre consentement, nous utiliserons vos donn\u00e9es pour envoyer des informations par courrier \u00e9lectronique ou par d&rsquo;autres canaux de communication \u00e9lectroniques \u00e9quivalents sur les actualit\u00e9s, les services, les promotions et les r\u00e9ductions sur nos produits, ainsi que pour g\u00e9rer l&rsquo;abonnement \u00e0 la Newsletter.<\/li>\n\n\n\n<li><strong>Envoi d&rsquo;enqu\u00eates de satisfaction<\/strong> sur les produits achet\u00e9s sur la base de l&rsquo;int\u00e9r\u00eat l\u00e9gitime de BODEGAS BENJAMIN DE ROTHSCHILD &amp; VEGA SICILIA \u00e0 conna\u00eetre l&rsquo;opinion de ses clients sur ses produits et services.<\/li>\n\n\n\n<li><strong>Envoi d&rsquo;enqu\u00eates de satisfaction<\/strong> sur les produits achet\u00e9s sur la base de l&rsquo;int\u00e9r\u00eat l\u00e9gitime de BODEGAS BENJAMIN DE ROTHSCHILD &amp; VEGA SICILIA \u00e0 conna\u00eetre l&rsquo;opinion de ses clients sur ses produits et services.<\/li>\n\n\n\n<li>G\u00e9rer la <strong>coordination des activit\u00e9s commerciales<\/strong> dans le respect de la l\u00e9gislation du travail et la pr\u00e9vention des risques professionnels en relation avec le personnel externe et les sous-traitants.<\/li>\n\n\n\n<li><strong>Enregistrer l&rsquo;acc\u00e8s aux visites<\/strong> aux installations de BODEGAS BENJAMIN DE ROTHSCHILD &amp; VEGA SICILIA sur la base de l&rsquo;int\u00e9r\u00eat l\u00e9gitime que BODEGAS BENJAMIN DE ROTHSCHILD &amp; VEGA SICILIA a \u00e0 garantir la s\u00e9curit\u00e9 de ses installations.<\/li>\n\n\n\n<li>G\u00e9rez les <strong>CV<\/strong> pour les processus de s\u00e9lection et les candidatures personnelles en fonction de votre consentement.<\/li>\n\n\n\n<li>Garantir la <strong>s\u00e9curit\u00e9 des installations<\/strong>, gr\u00e2ce \u00e0 des syst\u00e8mes de vid\u00e9osurveillance, bas\u00e9s sur l&rsquo;int\u00e9r\u00eat l\u00e9gitime.<\/li>\n<\/ul>\n\n<p>BODEGAS BENJAMIN DE ROTHSCHILD &amp; VEGA SICILIA traite les donn\u00e9es personnelles de ses travailleurs \u00e0 diverses fins qui ne sont pas d\u00e9taill\u00e9es dans la pr\u00e9sente Politique de Confidentialit\u00e9.<br\/>Dans le cas, d\u00fbment justifi\u00e9, o\u00f9 vous souhaiteriez plus de d\u00e9tails concernant le Registre des Activit\u00e9s de Traitement, vous pouvez contacter BODEGAS BENJAMIN DE ROTHSCHILD &amp; VEGA SICILIA via l&rsquo;un des canaux identifi\u00e9s dans la pr\u00e9sente Politique de Confidentialit\u00e9.<\/p>\n\n<h2 class=\"wp-block-heading\">3. Combien de temps conservons-nous vos donn\u00e9es personnelles ?<\/h2>\n\n<p>Les donn\u00e9es personnelles que vous pourrez nous fournir seront conserv\u00e9es pendant le temps n\u00e9cessaire pour atteindre la finalit\u00e9 pour laquelle elles sont collect\u00e9es et, dans les cas o\u00f9 d&rsquo;autres responsabilit\u00e9s sont possibles, elles seront conserv\u00e9es pendant le temps strictement n\u00e9cessaire selon la base qui l\u00e9gitime ces traitements et en tout \u00e9tat de cause pendant la dur\u00e9e strictement n\u00e9cessaire au respect des lois applicables.<br\/>De m\u00eame, nous vous informons que vos donn\u00e9es pourront rester bloqu\u00e9es par BODEGAS BENJAMIN DE ROTHSCHILD &amp; VEGA SICILIA \u00e0 l&rsquo;attention de r\u00e9clamations judiciaires, administratives ou fiscales, pendant les p\u00e9riodes l\u00e9galement d\u00e9termin\u00e9es par chaque r\u00e9glementation applicable.<\/p>\n\n<h2 class=\"wp-block-heading\">4. Qui peut avoir acc\u00e8s \u00e0 vos donn\u00e9es personnelles ?<\/h2>\n\n<p>Nous pouvons partager vos donn\u00e9es entre les soci\u00e9t\u00e9s du groupe \u00e0 des fins de gestion administrative, avec des prestataires de services tiers qui traitent les donn\u00e9es en notre nom et avec lesquels nous avons \u00e9tabli les conditions et exigences de traitement des donn\u00e9es personnelles dans un contrat. Chez BODEGAS BENJAMIN DE ROTHSCHILD &amp; VEGA SICILIA, nous suivons des crit\u00e8res stricts de s\u00e9lection des prestataires de services afin de respecter nos obligations en mati\u00e8re de protection des donn\u00e9es.<br\/>De m\u00eame, nous pouvons transf\u00e9rer vos donn\u00e9es aux administrations publiques, cours et tribunaux pour respecter les obligations l\u00e9gales qui affectent certains traitements.<br\/>Nous vous informons que nous n&rsquo;envisageons pas d&rsquo;effectuer de transferts internationaux avec vos donn\u00e9es.<\/p>\n\n<h2 class=\"wp-block-heading\">5. Quels sont vos droits ?<\/h2>\n\n<p>Nous vous informons que vous pouvez exercer les droits suivants :<\/p>\n\n<ul>\n<li>Droit d\u2019acc\u00e8s \u00e0 vos donn\u00e9es personnelles pour savoir lesquelles sont trait\u00e9es ;<\/li>\n\n\n\n<li>Droit de rectification de toute donn\u00e9e personnelle inexacte ou incompl\u00e8te ;<\/li>\n\n\n\n<li>Droit de supprimer vos donn\u00e9es personnelles, lorsque, entre autres raisons, les donn\u00e9es ne sont plus n\u00e9cessaires aux fins pour lesquelles elles ont \u00e9t\u00e9 collect\u00e9es, lorsque cela est possible ;<\/li>\n\n\n\n<li>Droit de demander la limitation du traitement de vos donn\u00e9es personnelles lorsque l&rsquo;exactitude, la l\u00e9galit\u00e9 ou la n\u00e9cessit\u00e9 du traitement des donn\u00e9es est douteuse, auquel cas nous pouvons conserver les donn\u00e9es pour l&rsquo;exercice ou la d\u00e9fense de r\u00e9clamations.<\/li>\n\n\n\n<li>Droit de vous opposer au traitement de vos donn\u00e9es personnelles. BODEGAS BENJAMIN DE ROTHSCHILD &amp; VEGA SICILIA cessera de traiter vos donn\u00e9es sauf s&rsquo;il existe un int\u00e9r\u00eat l\u00e9gitime imp\u00e9rieux ou pour la formulation, l&rsquo;exercice ou la d\u00e9fense de r\u00e9clamations.<\/li>\n\n\n\n<li>Droit \u00e0 la portabilit\u00e9 de vos donn\u00e9es, lorsque la base juridique qui nous permet de traiter les donn\u00e9es indiqu\u00e9es est votre consentement ou l&rsquo;ex\u00e9cution d&rsquo;un contrat et que ce traitement est effectu\u00e9 par des moyens automatis\u00e9s.<\/li>\n<\/ul>\n\n<p>En plus des droits ci-dessus, l&rsquo;int\u00e9ress\u00e9 aura le droit de retirer le consentement donn\u00e9 \u00e0 tout moment sans que ce retrait du consentement n&rsquo;affecte la lic\u00e9it\u00e9 du traitement ant\u00e9rieur \u00e0 son retrait.<br\/>Ces droits peuvent \u00eatre exerc\u00e9s gratuitement par l&rsquo;int\u00e9ress\u00e9, et le cas \u00e9ch\u00e9ant par son repr\u00e9sentant, au moyen d&rsquo;une demande \u00e9crite adress\u00e9e \u00e0 lopd@macan-brvs.com.<br\/>BODEGAS BENJAMIN DE ROTHSCHILD &amp; VEGA SICILIA, rappelle \u00e0 l&rsquo;int\u00e9ress\u00e9 qu&rsquo;il a le droit de d\u00e9poser une r\u00e9clamation aupr\u00e8s de l&rsquo;Agence espagnole de protection des donn\u00e9es s&rsquo;il n&rsquo;est pas d&rsquo;accord avec l&rsquo;attention re\u00e7ue concernant ses droits.<\/p>\n\n<h2 class=\"wp-block-heading\">6. Quelles mesures de s\u00e9curit\u00e9 avons-nous mises en place ?<\/h2>\n\n<p>BODEGAS BENJAMIN DE ROTHSCHILD &amp; VEGA SICILIA s&rsquo;engage \u00e0 respecter son obligation de secret des donn\u00e9es personnelles qu&rsquo;elle traite sur les int\u00e9ress\u00e9s.<br\/>BODEGAS BENJAMIN DE ROTHSCHILD &amp; VEGA SICILIA, a mis en \u0153uvre les mesures de s\u00e9curit\u00e9 techniques et organisationnelles n\u00e9cessaires pour garantir la s\u00e9curit\u00e9 de vos donn\u00e9es personnelles et emp\u00eacher leur alt\u00e9ration, perte et traitement et\/ou acc\u00e8s non autoris\u00e9s, en tenant compte de l&rsquo;\u00e9tat de la technologie, de la nature des donn\u00e9es stock\u00e9es et des risques auxquels elles sont expos\u00e9es, qu&rsquo;ils proviennent de l&rsquo;action humaine ou de l&rsquo;environnement physique ou naturel, conform\u00e9ment aux dispositions de la r\u00e9glementation applicable.<\/p>\n\n<h2 class=\"wp-block-heading\">7. Modification de la politique de confidentialit\u00e9<\/h2>\n\n<p>BODEGAS BENJAMIN DE ROTHSCHILD &amp; VEGA SICILIA peut \u00e0 tout moment modifier sa Politique de Confidentialit\u00e9 conform\u00e9ment \u00e0 la l\u00e9gislation applicable. Dans tous les cas, toute modification de la Politique de Confidentialit\u00e9 sera d\u00fbment notifi\u00e9e afin que vous soyez inform\u00e9 des modifications apport\u00e9es au traitement de vos donn\u00e9es personnelles et, si la r\u00e9glementation applicable l&rsquo;exige, vous puissiez donner votre consentement.<\/p>\n","protected":false},"excerpt":{"rendered":"<p>La pr\u00e9sente politique de confidentialit\u00e9 a pour objectif de vous fournir des informations sur le traitement de vos donn\u00e9es personnelles et de d\u00e9crire les droits qui s&rsquo;appliquent \u00e0 vous, conform\u00e9ment au r\u00e8glement (UE) 2016\/679 du Parlement europ\u00e9en et du Conseil du 27 avril. , 2016, concernant la protection des personnes physiques \u00e0 l&rsquo;\u00e9gard du traitement [&hellip;]<\/p>\n","protected":false},"author":1,"featured_media":0,"parent":0,"menu_order":0,"comment_status":"closed","ping_status":"closed","template":"page-textos-legales.php","meta":{"footnotes":""},"acf":[],"yoast_head":"<!-- This site is optimized with the Yoast SEO plugin v21.8 - https:\/\/yoast.com\/wordpress\/plugins\/seo\/ -->\n<title>Politique de confidentialit\u00e9 - Mac\u00e1n<\/title>\n<meta name=\"robots\" content=\"index, follow, max-snippet:-1, max-image-preview:large, max-video-preview:-1\" \/>\n<link rel=\"canonical\" href=\"https:\/\/macan-wine.com\/fr\/politique-de-confidentialite\/\" \/>\n<meta property=\"og:locale\" content=\"fr_FR\" \/>\n<meta property=\"og:type\" content=\"article\" \/>\n<meta property=\"og:title\" content=\"Politique de confidentialit\u00e9 - Mac\u00e1n\" \/>\n<meta property=\"og:description\" content=\"La pr\u00e9sente politique de confidentialit\u00e9 a pour objectif de vous fournir des informations sur le traitement de vos donn\u00e9es personnelles et de d\u00e9crire les droits qui s&rsquo;appliquent \u00e0 vous, conform\u00e9ment au r\u00e8glement (UE) 2016\/679 du Parlement europ\u00e9en et du Conseil du 27 avril. , 2016, concernant la protection des personnes physiques \u00e0 l&rsquo;\u00e9gard du traitement [&hellip;]\" \/>\n<meta property=\"og:url\" content=\"https:\/\/macan-wine.com\/fr\/politique-de-confidentialite\/\" \/>\n<meta property=\"og:site_name\" content=\"Mac\u00e1n\" \/>\n<meta property=\"article:publisher\" content=\"https:\/\/www.facebook.com\/macanwine\/\" \/>\n<meta property=\"article:modified_time\" content=\"2023-12-19T15:45:16+00:00\" \/>\n<meta name=\"twitter:card\" content=\"summary_large_image\" \/>\n<meta name=\"twitter:label1\" content=\"Dur\u00e9e de lecture estim\u00e9e\" \/>\n\t<meta name=\"twitter:data1\" content=\"7 minutes\" \/>\n<script type=\"application\/ld+json\" class=\"yoast-schema-graph\">{\"@context\":\"https:\/\/schema.org\",\"@graph\":[{\"@type\":\"WebPage\",\"@id\":\"https:\/\/macan-wine.com\/fr\/politique-de-confidentialite\/\",\"url\":\"https:\/\/macan-wine.com\/fr\/politique-de-confidentialite\/\",\"name\":\"Politique de confidentialit\u00e9 - Mac\u00e1n\",\"isPartOf\":{\"@id\":\"https:\/\/macan-wine.com\/#website\"},\"datePublished\":\"2023-06-30T21:33:07+00:00\",\"dateModified\":\"2023-12-19T15:45:16+00:00\",\"breadcrumb\":{\"@id\":\"https:\/\/macan-wine.com\/fr\/politique-de-confidentialite\/#breadcrumb\"},\"inLanguage\":\"fr-FR\",\"potentialAction\":[{\"@type\":\"ReadAction\",\"target\":[\"https:\/\/macan-wine.com\/fr\/politique-de-confidentialite\/\"]}]},{\"@type\":\"BreadcrumbList\",\"@id\":\"https:\/\/macan-wine.com\/fr\/politique-de-confidentialite\/#breadcrumb\",\"itemListElement\":[{\"@type\":\"ListItem\",\"position\":1,\"name\":\"Portada\",\"item\":\"https:\/\/macan-wine.com\/fr\/inicio\/\"},{\"@type\":\"ListItem\",\"position\":2,\"name\":\"Politique de confidentialit\u00e9\"}]},{\"@type\":\"WebSite\",\"@id\":\"https:\/\/macan-wine.com\/#website\",\"url\":\"https:\/\/macan-wine.com\/\",\"name\":\"Mac\u00e1n\",\"description\":\"Toujours plus loin\",\"publisher\":{\"@id\":\"https:\/\/macan-wine.com\/#organization\"},\"potentialAction\":[{\"@type\":\"SearchAction\",\"target\":{\"@type\":\"EntryPoint\",\"urlTemplate\":\"https:\/\/macan-wine.com\/?s={search_term_string}\"},\"query-input\":\"required name=search_term_string\"}],\"inLanguage\":\"fr-FR\"},{\"@type\":\"Organization\",\"@id\":\"https:\/\/macan-wine.com\/#organization\",\"name\":\"Mac\u00e1n\",\"url\":\"https:\/\/macan-wine.com\/\",\"logo\":{\"@type\":\"ImageObject\",\"inLanguage\":\"fr-FR\",\"@id\":\"https:\/\/macan-wine.com\/#\/schema\/logo\/image\/\",\"url\":\"https:\/\/macan-wine.com\/wp-content\/uploads\/2023\/08\/logo-macan-2023-1.svg\",\"contentUrl\":\"https:\/\/macan-wine.com\/wp-content\/uploads\/2023\/08\/logo-macan-2023-1.svg\",\"width\":224,\"height\":79,\"caption\":\"Mac\u00e1n\"},\"image\":{\"@id\":\"https:\/\/macan-wine.com\/#\/schema\/logo\/image\/\"},\"sameAs\":[\"https:\/\/www.facebook.com\/macanwine\/\",\"https:\/\/www.instagram.com\/macanwine\/?hl=es\",\"https:\/\/www.linkedin.com\/company\/bodegas-benjamin-de-rothschild-vega-siclia?originalSubdomain=es\"]}]}<\/script>\n<!-- \/ Yoast SEO plugin. -->","yoast_head_json":{"title":"Politique de confidentialit\u00e9 - Mac\u00e1n","robots":{"index":"index","follow":"follow","max-snippet":"max-snippet:-1","max-image-preview":"max-image-preview:large","max-video-preview":"max-video-preview:-1"},"canonical":"https:\/\/macan-wine.com\/fr\/politique-de-confidentialite\/","og_locale":"fr_FR","og_type":"article","og_title":"Politique de confidentialit\u00e9 - Mac\u00e1n","og_description":"La pr\u00e9sente politique de confidentialit\u00e9 a pour objectif de vous fournir des informations sur le traitement de vos donn\u00e9es personnelles et de d\u00e9crire les droits qui s&rsquo;appliquent \u00e0 vous, conform\u00e9ment au r\u00e8glement (UE) 2016\/679 du Parlement europ\u00e9en et du Conseil du 27 avril. , 2016, concernant la protection des personnes physiques \u00e0 l&rsquo;\u00e9gard du traitement [&hellip;]","og_url":"https:\/\/macan-wine.com\/fr\/politique-de-confidentialite\/","og_site_name":"Mac\u00e1n","article_publisher":"https:\/\/www.facebook.com\/macanwine\/","article_modified_time":"2023-12-19T15:45:16+00:00","twitter_card":"summary_large_image","twitter_misc":{"Dur\u00e9e de lecture estim\u00e9e":"7 minutes"},"schema":{"@context":"https:\/\/schema.org","@graph":[{"@type":"WebPage","@id":"https:\/\/macan-wine.com\/fr\/politique-de-confidentialite\/","url":"https:\/\/macan-wine.com\/fr\/politique-de-confidentialite\/","name":"Politique de confidentialit\u00e9 - Mac\u00e1n","isPartOf":{"@id":"https:\/\/macan-wine.com\/#website"},"datePublished":"2023-06-30T21:33:07+00:00","dateModified":"2023-12-19T15:45:16+00:00","breadcrumb":{"@id":"https:\/\/macan-wine.com\/fr\/politique-de-confidentialite\/#breadcrumb"},"inLanguage":"fr-FR","potentialAction":[{"@type":"ReadAction","target":["https:\/\/macan-wine.com\/fr\/politique-de-confidentialite\/"]}]},{"@type":"BreadcrumbList","@id":"https:\/\/macan-wine.com\/fr\/politique-de-confidentialite\/#breadcrumb","itemListElement":[{"@type":"ListItem","position":1,"name":"Portada","item":"https:\/\/macan-wine.com\/fr\/inicio\/"},{"@type":"ListItem","position":2,"name":"Politique de confidentialit\u00e9"}]},{"@type":"WebSite","@id":"https:\/\/macan-wine.com\/#website","url":"https:\/\/macan-wine.com\/","name":"Mac\u00e1n","description":"Toujours plus loin","publisher":{"@id":"https:\/\/macan-wine.com\/#organization"},"potentialAction":[{"@type":"SearchAction","target":{"@type":"EntryPoint","urlTemplate":"https:\/\/macan-wine.com\/?s={search_term_string}"},"query-input":"required name=search_term_string"}],"inLanguage":"fr-FR"},{"@type":"Organization","@id":"https:\/\/macan-wine.com\/#organization","name":"Mac\u00e1n","url":"https:\/\/macan-wine.com\/","logo":{"@type":"ImageObject","inLanguage":"fr-FR","@id":"https:\/\/macan-wine.com\/#\/schema\/logo\/image\/","url":"https:\/\/macan-wine.com\/wp-content\/uploads\/2023\/08\/logo-macan-2023-1.svg","contentUrl":"https:\/\/macan-wine.com\/wp-content\/uploads\/2023\/08\/logo-macan-2023-1.svg","width":224,"height":79,"caption":"Mac\u00e1n"},"image":{"@id":"https:\/\/macan-wine.com\/#\/schema\/logo\/image\/"},"sameAs":["https:\/\/www.facebook.com\/macanwine\/","https:\/\/www.instagram.com\/macanwine\/?hl=es","https:\/\/www.linkedin.com\/company\/bodegas-benjamin-de-rothschild-vega-siclia?originalSubdomain=es"]}]}},"_links":{"self":[{"href":"https:\/\/macan-wine.com\/fr\/wp-json\/wp\/v2\/pages\/2506"}],"collection":[{"href":"https:\/\/macan-wine.com\/fr\/wp-json\/wp\/v2\/pages"}],"about":[{"href":"https:\/\/macan-wine.com\/fr\/wp-json\/wp\/v2\/types\/page"}],"author":[{"embeddable":true,"href":"https:\/\/macan-wine.com\/fr\/wp-json\/wp\/v2\/users\/1"}],"replies":[{"embeddable":true,"href":"https:\/\/macan-wine.com\/fr\/wp-json\/wp\/v2\/comments?post=2506"}],"version-history":[{"count":3,"href":"https:\/\/macan-wine.com\/fr\/wp-json\/wp\/v2\/pages\/2506\/revisions"}],"predecessor-version":[{"id":2509,"href":"https:\/\/macan-wine.com\/fr\/wp-json\/wp\/v2\/pages\/2506\/revisions\/2509"}],"wp:attachment":[{"href":"https:\/\/macan-wine.com\/fr\/wp-json\/wp\/v2\/media?parent=2506"}],"curies":[{"name":"wp","href":"https:\/\/api.w.org\/{rel}","templated":true}]}}